{"id":3916,"date":"2016-05-29T10:52:38","date_gmt":"2016-05-29T08:52:38","guid":{"rendered":"http:\/\/pfnphoto.com\/new\/?page_id=3916"},"modified":"2017-01-31T22:36:51","modified_gmt":"2017-01-31T21:36:51","slug":"the-beauty-of-bavaria","status":"publish","type":"page","link":"https:\/\/pfnphoto.com\/new\/the-beauty-of-bavaria\/","title":{"rendered":"The Beauty of Bavaria"},"content":{"rendered":"<h1 class=\"entry-title2\">The Beauty of Bavaria<\/h1>\r\n<p class=\"subline\">Landscapes \/\/ 2010-2016 \/\/ Europe \/\/ Germany \/\/ Bavaria<\/p>\r\n\r\n<img decoding=\"async\" src=\"http:\/\/pfnphoto.com\/new\/wp-content\/gallery\/archives\/20120814-berg-0241.jpg\" alt=\"Walchensee\" \/>\r\nAusblick vom Herzogstand auf den Walchensee und das dahinterliegende Karwendelgebirge, der Blick reicht bis nach \u00d6sterreich.\r\n\r\n<img decoding=\"async\" src=\"http:\/\/pfnphoto.com\/new\/wp-content\/uploads\/2016\/05\/20100809-alpen-709.jpg\" alt=\"K\u00f6nigsee\" \/>\r\nAusblick auf den K\u00f6nigsee im Berchtesgadener Land\r\n\r\n<img decoding=\"async\" src=\"http:\/\/pfnphoto.com\/new\/wp-content\/uploads\/2016\/05\/20100808-alpen-612-1128x991.jpg\" alt=\"Blick vom Jenner auf K\u00f6nigsee und Watzmann\" \/>\r\nAusblick vom Gipfel des Jenner auf den K\u00f6nigsee und den Watzmann\r\n\r\n<img decoding=\"async\" src=\"http:\/\/pfnphoto.com\/new\/wp-content\/gallery\/archives\/20141018-alpen-0419-panorama.jpg\" alt=\"Walchensee\" \/>\r\nPanorama mit Blick \u00fcber den Walchensee und das Karwendelgebirge\r\n\r\n<img decoding=\"async\" src=\"http:\/\/pfnphoto.com\/new\/wp-content\/gallery\/archives\/20150604_allgaeu-aerial_0344.jpg\" alt=\"Schloss Neuschwanstein vor beeindruckender Bergkulisse\" \/>\r\nSchloss Neuschwanstein\r\n\r\n<img decoding=\"async\" src=\"http:\/\/pfnphoto.com\/new\/wp-content\/gallery\/archives\/20150604_allgaeu-aerial_0280.jpg\" alt=\"Allg\u00e4u von oben\" \/>\r\nBlick von oben auf gr\u00fcne Felder und W\u00e4lder im Allg\u00e4u\r\n\r\n<img decoding=\"async\" src=\"http:\/\/pfnphoto.com\/new\/wp-content\/gallery\/archives\/20120814-berg-0369-panorama.jpg\" alt=\"Gratwanderung zwischen Heimgarten und Herzogstand\" \/>\r\nBlick vom Heimgarten auf den Grat zum Herzogstand. Links der Kochelsee und rechts der Walchensee im Bild.\r\n\r\n<img decoding=\"async\" src=\"http:\/\/pfnphoto.com\/new\/wp-content\/uploads\/2016\/04\/20150604_alpen-aerial_0470-2256px-1128x752.jpg\" alt=\"Zugspitze\" \/>\r\nDie Zugspitze, der h\u00f6chste Berg Deutschlands\r\n\r\n<img decoding=\"async\" src=\"http:\/\/pfnphoto.com\/new\/wp-content\/uploads\/2016\/04\/20141018-alpen-0285-2256px-1128x753.jpg\" alt=\"Insel im Walchensee\" \/>\r\nInsel im Walchensee\r\n\r\n<img decoding=\"async\" src=\"http:\/\/pfnphoto.com\/new\/wp-content\/gallery\/archives\/20150604_allgaeu-aerial_0435-pano.jpg\" alt=\"Allg\u00e4u von oben\" \/>\r\nDer K\u00f6nigswinkel im Allg\u00e4u von oben mit Blick auf Hopfensee, Forggensee, Wei\u00dfensee und die Autobahn A7 die von Kempten nach F\u00fcssen f\u00fchrt.\r\nIm Hintergrund die Allg\u00e4uer Alpen und die Ammergauer Alpen mit Blick bis nach \u00d6sterreich. Das Voralpenland in seiner ganzen Sch\u00f6nheit.\r\n\r\n<img decoding=\"async\" src=\"http:\/\/pfnphoto.com\/new\/wp-content\/gallery\/archives\/20120815-berg-0601.jpg\" alt=\"Sylvensteinspeicher\" \/>\r\nSylvensteinspeicher\r\n\r\n<img decoding=\"async\" src=\"http:\/\/pfnphoto.com\/new\/wp-content\/gallery\/archives\/20150604_alpen-aerial_0221.jpg\" alt=\"Nebelhorn\" \/>\r\nBlick auf das Nebelhorn bei Oberstdorf\r\n\r\n<img decoding=\"async\" src=\"http:\/\/pfnphoto.com\/new\/wp-content\/uploads\/2016\/05\/20150604_alpen-aerial_0556-2256px-1128x752.jpg\" alt=\"Werdenfelser Land\" \/>\r\nWerdenfelser Land zwischen Mittenwald und Garmisch Partenkirchen, im Tal verl\u00e4uft die Alpenstra\u00dfe B2.\r\n\r\n<img decoding=\"async\" src=\"http:\/\/pfnphoto.com\/new\/wp-content\/uploads\/2016\/05\/20160506_weltenburg_078-2256px-1128x752@2x.jpg\" alt=\"Weltenburger Enge Donaudurchbruch\" \/>\r\nDer Donaudurchbruch in der Weltenburger Enge zwischen Kehlheim und Kloster Weltenburg\r\n\r\n<img decoding=\"async\" src=\"http:\/\/pfnphoto.com\/new\/wp-content\/uploads\/2016\/04\/20150604_alpen-aerial_0476-2256px-1128x752@2x.jpg\" alt=\"Eibsee\" \/>\r\nDer Eibsee unter der Zugspitze im letzten Abendlicht","protected":false},"excerpt":{"rendered":"<p>The Beauty of Bavaria Landscapes \/\/ 2010-2016 \/\/ Europe \/\/ Germany \/\/ Bavaria Ausblick vom Herzogstand auf den Walchensee und das dahinterliegende Karwendelgebirge, der Blick reicht bis nach \u00d6sterreich. Ausblick auf den K\u00f6nigsee im Berchtesgadener Land Ausblick vom Gipfel des &hellip; <a href=\"https:\/\/pfnphoto.com\/new\/the-beauty-of-bavaria\/\">Weiterlesen <span class=\"meta-nav\">&rarr;<\/span><\/a><\/p>\n","protected":false},"author":1,"featured_media":0,"parent":0,"menu_order":0,"comment_status":"closed","ping_status":"closed","template":"","meta":{"footnotes":""},"class_list":["post-3916","page","type-page","status-publish","hentry"],"yoast_head":"<!-- This site is optimized with the Yoast SEO plugin v24.7 - https:\/\/yoast.com\/wordpress\/plugins\/seo\/ -->\n<title>The Beauty of Bavaria - pfnphoto.com \u2013 Johannes Heuckeroth \u2013 Architectural Photography \/ Architekturfotografie<\/title>\n<meta name=\"robots\" content=\"index, follow, max-snippet:-1, max-image-preview:large, max-video-preview:-1\" \/>\n<link rel=\"canonical\" href=\"https:\/\/pfnphoto.com\/new\/the-beauty-of-bavaria\/\" \/>\n<meta property=\"og:locale\" content=\"de_DE\" \/>\n<meta property=\"og:type\" content=\"article\" \/>\n<meta property=\"og:title\" content=\"The Beauty of Bavaria - pfnphoto.com \u2013 Johannes Heuckeroth \u2013 Architectural Photography \/ Architekturfotografie\" \/>\n<meta property=\"og:description\" content=\"The Beauty of Bavaria Landscapes \/\/ 2010-2016 \/\/ Europe \/\/ Germany \/\/ Bavaria Ausblick vom Herzogstand auf den Walchensee und das dahinterliegende Karwendelgebirge, der Blick reicht bis nach \u00d6sterreich. Ausblick auf den K\u00f6nigsee im Berchtesgadener Land Ausblick vom Gipfel des &hellip; Weiterlesen &rarr;\" \/>\n<meta property=\"og:url\" content=\"https:\/\/pfnphoto.com\/new\/the-beauty-of-bavaria\/\" \/>\n<meta property=\"og:site_name\" content=\"pfnphoto.com \u2013 Johannes Heuckeroth \u2013 Architectural Photography \/ Architekturfotografie\" \/>\n<meta property=\"article:publisher\" content=\"https:\/\/www.facebook.com\/pfnphoto\" \/>\n<meta property=\"article:modified_time\" content=\"2017-01-31T21:36:51+00:00\" \/>\n<meta property=\"og:image\" content=\"http:\/\/pfnphoto.com\/new\/wp-content\/gallery\/archives\/20120814-berg-0241.jpg\" \/>\n<meta name=\"twitter:card\" content=\"summary_large_image\" \/>\n<meta name=\"twitter:label1\" content=\"Gesch\u00e4tzte Lesezeit\" \/>\n\t<meta name=\"twitter:data1\" content=\"1\u00a0Minute\" \/>\n<script type=\"application\/ld+json\" class=\"yoast-schema-graph\">{\"@context\":\"https:\/\/schema.org\",\"@graph\":[{\"@type\":\"WebPage\",\"@id\":\"https:\/\/pfnphoto.com\/new\/the-beauty-of-bavaria\/\",\"url\":\"https:\/\/pfnphoto.com\/new\/the-beauty-of-bavaria\/\",\"name\":\"The Beauty of Bavaria - pfnphoto.com \u2013 Johannes Heuckeroth \u2013 Architectural Photography \/ Architekturfotografie\",\"isPartOf\":{\"@id\":\"https:\/\/pfnphoto.com\/new\/#website\"},\"primaryImageOfPage\":{\"@id\":\"https:\/\/pfnphoto.com\/new\/the-beauty-of-bavaria\/#primaryimage\"},\"image\":{\"@id\":\"https:\/\/pfnphoto.com\/new\/the-beauty-of-bavaria\/#primaryimage\"},\"thumbnailUrl\":\"http:\/\/pfnphoto.com\/new\/wp-content\/gallery\/archives\/20120814-berg-0241.jpg\",\"datePublished\":\"2016-05-29T08:52:38+00:00\",\"dateModified\":\"2017-01-31T21:36:51+00:00\",\"breadcrumb\":{\"@id\":\"https:\/\/pfnphoto.com\/new\/the-beauty-of-bavaria\/#breadcrumb\"},\"inLanguage\":\"de\",\"potentialAction\":[{\"@type\":\"ReadAction\",\"target\":[\"https:\/\/pfnphoto.com\/new\/the-beauty-of-bavaria\/\"]}]},{\"@type\":\"ImageObject\",\"inLanguage\":\"de\",\"@id\":\"https:\/\/pfnphoto.com\/new\/the-beauty-of-bavaria\/#primaryimage\",\"url\":\"http:\/\/pfnphoto.com\/new\/wp-content\/gallery\/archives\/20120814-berg-0241.jpg\",\"contentUrl\":\"http:\/\/pfnphoto.com\/new\/wp-content\/gallery\/archives\/20120814-berg-0241.jpg\"},{\"@type\":\"BreadcrumbList\",\"@id\":\"https:\/\/pfnphoto.com\/new\/the-beauty-of-bavaria\/#breadcrumb\",\"itemListElement\":[{\"@type\":\"ListItem\",\"position\":1,\"name\":\"Startseite\",\"item\":\"https:\/\/pfnphoto.com\/new\/\"},{\"@type\":\"ListItem\",\"position\":2,\"name\":\"The Beauty of Bavaria\"}]},{\"@type\":\"WebSite\",\"@id\":\"https:\/\/pfnphoto.com\/new\/#website\",\"url\":\"https:\/\/pfnphoto.com\/new\/\",\"name\":\"pfnphoto.com \u2013 Johannes Heuckeroth \u2013 Architectural Photography \/ Architekturfotografie\",\"description\":\"Architectural &amp; Landscape Photography\",\"potentialAction\":[{\"@type\":\"SearchAction\",\"target\":{\"@type\":\"EntryPoint\",\"urlTemplate\":\"https:\/\/pfnphoto.com\/new\/?s={search_term_string}\"},\"query-input\":{\"@type\":\"PropertyValueSpecification\",\"valueRequired\":true,\"valueName\":\"search_term_string\"}}],\"inLanguage\":\"de\"}]}<\/script>\n<!-- \/ Yoast SEO plugin. -->","yoast_head_json":{"title":"The Beauty of Bavaria - pfnphoto.com \u2013 Johannes Heuckeroth \u2013 Architectural Photography \/ Architekturfotografie","robots":{"index":"index","follow":"follow","max-snippet":"max-snippet:-1","max-image-preview":"max-image-preview:large","max-video-preview":"max-video-preview:-1"},"canonical":"https:\/\/pfnphoto.com\/new\/the-beauty-of-bavaria\/","og_locale":"de_DE","og_type":"article","og_title":"The Beauty of Bavaria - pfnphoto.com \u2013 Johannes Heuckeroth \u2013 Architectural Photography \/ Architekturfotografie","og_description":"The Beauty of Bavaria Landscapes \/\/ 2010-2016 \/\/ Europe \/\/ Germany \/\/ Bavaria Ausblick vom Herzogstand auf den Walchensee und das dahinterliegende Karwendelgebirge, der Blick reicht bis nach \u00d6sterreich. Ausblick auf den K\u00f6nigsee im Berchtesgadener Land Ausblick vom Gipfel des &hellip; Weiterlesen &rarr;","og_url":"https:\/\/pfnphoto.com\/new\/the-beauty-of-bavaria\/","og_site_name":"pfnphoto.com \u2013 Johannes Heuckeroth \u2013 Architectural Photography \/ Architekturfotografie","article_publisher":"https:\/\/www.facebook.com\/pfnphoto","article_modified_time":"2017-01-31T21:36:51+00:00","og_image":[{"url":"http:\/\/pfnphoto.com\/new\/wp-content\/gallery\/archives\/20120814-berg-0241.jpg","type":"","width":"","height":""}],"twitter_card":"summary_large_image","twitter_misc":{"Gesch\u00e4tzte Lesezeit":"1\u00a0Minute"},"schema":{"@context":"https:\/\/schema.org","@graph":[{"@type":"WebPage","@id":"https:\/\/pfnphoto.com\/new\/the-beauty-of-bavaria\/","url":"https:\/\/pfnphoto.com\/new\/the-beauty-of-bavaria\/","name":"The Beauty of Bavaria - pfnphoto.com \u2013 Johannes Heuckeroth \u2013 Architectural Photography \/ Architekturfotografie","isPartOf":{"@id":"https:\/\/pfnphoto.com\/new\/#website"},"primaryImageOfPage":{"@id":"https:\/\/pfnphoto.com\/new\/the-beauty-of-bavaria\/#primaryimage"},"image":{"@id":"https:\/\/pfnphoto.com\/new\/the-beauty-of-bavaria\/#primaryimage"},"thumbnailUrl":"http:\/\/pfnphoto.com\/new\/wp-content\/gallery\/archives\/20120814-berg-0241.jpg","datePublished":"2016-05-29T08:52:38+00:00","dateModified":"2017-01-31T21:36:51+00:00","breadcrumb":{"@id":"https:\/\/pfnphoto.com\/new\/the-beauty-of-bavaria\/#breadcrumb"},"inLanguage":"de","potentialAction":[{"@type":"ReadAction","target":["https:\/\/pfnphoto.com\/new\/the-beauty-of-bavaria\/"]}]},{"@type":"ImageObject","inLanguage":"de","@id":"https:\/\/pfnphoto.com\/new\/the-beauty-of-bavaria\/#primaryimage","url":"http:\/\/pfnphoto.com\/new\/wp-content\/gallery\/archives\/20120814-berg-0241.jpg","contentUrl":"http:\/\/pfnphoto.com\/new\/wp-content\/gallery\/archives\/20120814-berg-0241.jpg"},{"@type":"BreadcrumbList","@id":"https:\/\/pfnphoto.com\/new\/the-beauty-of-bavaria\/#breadcrumb","itemListElement":[{"@type":"ListItem","position":1,"name":"Startseite","item":"https:\/\/pfnphoto.com\/new\/"},{"@type":"ListItem","position":2,"name":"The Beauty of Bavaria"}]},{"@type":"WebSite","@id":"https:\/\/pfnphoto.com\/new\/#website","url":"https:\/\/pfnphoto.com\/new\/","name":"pfnphoto.com \u2013 Johannes Heuckeroth \u2013 Architectural Photography \/ Architekturfotografie","description":"Architectural &amp; Landscape Photography","potentialAction":[{"@type":"SearchAction","target":{"@type":"EntryPoint","urlTemplate":"https:\/\/pfnphoto.com\/new\/?s={search_term_string}"},"query-input":{"@type":"PropertyValueSpecification","valueRequired":true,"valueName":"search_term_string"}}],"inLanguage":"de"}]}},"_links":{"self":[{"href":"https:\/\/pfnphoto.com\/new\/wp-json\/wp\/v2\/pages\/3916","targetHints":{"allow":["GET"]}}],"collection":[{"href":"https:\/\/pfnphoto.com\/new\/wp-json\/wp\/v2\/pages"}],"about":[{"href":"https:\/\/pfnphoto.com\/new\/wp-json\/wp\/v2\/types\/page"}],"author":[{"embeddable":true,"href":"https:\/\/pfnphoto.com\/new\/wp-json\/wp\/v2\/users\/1"}],"replies":[{"embeddable":true,"href":"https:\/\/pfnphoto.com\/new\/wp-json\/wp\/v2\/comments?post=3916"}],"version-history":[{"count":11,"href":"https:\/\/pfnphoto.com\/new\/wp-json\/wp\/v2\/pages\/3916\/revisions"}],"predecessor-version":[{"id":4166,"href":"https:\/\/pfnphoto.com\/new\/wp-json\/wp\/v2\/pages\/3916\/revisions\/4166"}],"wp:attachment":[{"href":"https:\/\/pfnphoto.com\/new\/wp-json\/wp\/v2\/media?parent=3916"}],"curies":[{"name":"wp","href":"https:\/\/api.w.org\/{rel}","templated":true}]}}