{"id":2619,"date":"2015-08-16T14:05:55","date_gmt":"2015-08-16T12:05:55","guid":{"rendered":"http:\/\/pfnphoto.com\/new\/?page_id=2619"},"modified":"2015-08-16T14:05:55","modified_gmt":"2015-08-16T12:05:55","slug":"balloonride-above-bavaria","status":"publish","type":"page","link":"https:\/\/pfnphoto.com\/new\/balloonride-above-bavaria\/","title":{"rendered":"Balloonride above Bavaria"},"content":{"rendered":"<h1 class=\"entry-title2\">Balloon ride above Bavaria<\/h1>\r\n<p class=\"subline\">Landscape \/\/ June 2015 \/\/ Allg\u00e4u \u2013 Bavaria \u2013 Germany<\/p>\r\n\r\n<img decoding=\"async\" src=\"http:\/\/pfnphoto.com\/new\/wp-content\/gallery\/archives\/20150604_allgaeu-aerial_0435-pano.jpg\" alt=\"Allg\u00e4u von oben Foto\" \/>\r\n\r\n<img decoding=\"async\" src=\"http:\/\/pfnphoto.com\/new\/wp-content\/uploads\/2015\/08\/20150604_allgaeu-aerial_0001.jpg\" alt=\"Ballonfliegen im Allg\u00e4u\" \/>\r\n\r\n<img decoding=\"async\" src=\"http:\/\/pfnphoto.com\/new\/wp-content\/uploads\/2015\/08\/20150604_allgaeu-aerial_0008.jpg\" alt=\"Morgenstimmung im bayrischen Allg\u00e4u\" \/>\r\n\r\n<img decoding=\"async\" src=\"http:\/\/pfnphoto.com\/new\/wp-content\/uploads\/2015\/08\/20150604_allgaeu-aerial_0022.jpg\" alt=\"Ein Ballon fliegt in den Morgenhimmel\" \/>\r\n\r\n<img decoding=\"async\" src=\"http:\/\/pfnphoto.com\/new\/wp-content\/uploads\/2015\/08\/20150604_allgaeu-aerial_0025.jpg\" alt=\"Startvorbereitungen vor dem Balllonflug\" \/>\r\n\r\n<img decoding=\"async\" src=\"http:\/\/pfnphoto.com\/new\/wp-content\/uploads\/2015\/08\/20150604_allgaeu-aerial_0046.jpg\" alt=\"Kurz nach Sonnenaufgang fliegen die ersten Ballons\" \/>\r\n\r\n<img decoding=\"async\" src=\"http:\/\/pfnphoto.com\/new\/wp-content\/uploads\/2015\/08\/20150604_allgaeu-aerial_0057.jpg\" alt=\"Mittels hei\u00dfer Luft wird der Ballon aufgef\u00fchlt\" \/>\r\n\r\n<img decoding=\"async\" src=\"http:\/\/pfnphoto.com\/new\/wp-content\/uploads\/2015\/08\/20150604_allgaeu-aerial_0229.jpg\" alt=\"Der Blick aus dem Ballon auf Hopfensee und Forggensee, sowie Schloss Neuschwanstein und die Alpen\" \/>\r\n\r\n<img decoding=\"async\" src=\"http:\/\/pfnphoto.com\/new\/wp-content\/uploads\/2015\/08\/20150604_allgaeu-aerial_0255-pano.jpg\" alt=\"Panoramablick aus dem Ballon \u00fcber dem Allg\u00e4u\" \/>\r\n\r\n<img decoding=\"async\" src=\"http:\/\/pfnphoto.com\/new\/wp-content\/gallery\/archives\/20150604_allgaeu-aerial_0273.jpg\" alt=\"Das Allg\u00e4u von oben im ersten Morgenlicht\" \/>\r\n\r\n<img decoding=\"async\" src=\"http:\/\/pfnphoto.com\/new\/wp-content\/gallery\/archives\/20150604_allgaeu-aerial_0280.jpg\" alt=\"Die typische h\u00fcgelige gr\u00fcne Landschaft des Allg\u00e4us\" \/>\r\n\r\n<img decoding=\"async\" src=\"http:\/\/pfnphoto.com\/new\/wp-content\/uploads\/2015\/08\/20150604_allgaeu-aerial_0285.jpg\" alt=\"Ein See von oben\" \/>\r\n\r\n<img decoding=\"async\" src=\"http:\/\/pfnphoto.com\/new\/wp-content\/uploads\/2015\/08\/20150604_allgaeu-aerial_0321.jpg\" alt=\"Blick aus dem Ballon nach unten auf das Allg\u00e4u\" \/>\r\n\r\n<img decoding=\"async\" src=\"http:\/\/pfnphoto.com\/new\/wp-content\/uploads\/2015\/08\/20150604_allgaeu-aerial_0341.jpg\" alt=\"Ausblick aus dem Ballon\" \/>\r\n\r\n<img decoding=\"async\" src=\"http:\/\/pfnphoto.com\/new\/wp-content\/gallery\/archives\/20150604_allgaeu-aerial_0344.jpg\" alt=\"Schloss Neuschwanstein vor der Kulisse der Alpen\" \/>\r\n\r\n<img decoding=\"async\" src=\"http:\/\/pfnphoto.com\/new\/wp-content\/uploads\/2015\/08\/20150604_allgaeu-aerial_0364.jpg\" alt=\"Blick auf den Forggensee und die Alpen im Hintergrund\" \/>\r\n\r\n<img decoding=\"async\" src=\"http:\/\/pfnphoto.com\/new\/wp-content\/gallery\/archives\/20150604_allgaeu-aerial_0405-pano.jpg\" alt=\"Das Allg\u00e4u von oben, mit Blick auf die A7 von Kempten nach F\u00fcssen\" \/>\r\n\r\n<img decoding=\"async\" src=\"http:\/\/pfnphoto.com\/new\/wp-content\/gallery\/archives\/20150604_allgaeu-aerial_0543.jpg\" alt=\"Landschaft von oben\" \/>\r\n\r\n<img decoding=\"async\" src=\"http:\/\/pfnphoto.com\/new\/wp-content\/gallery\/archives\/20150604_allgaeu-aerial_0547.jpg\" alt=\"Ein Waldweg von oben\" \/>\r\n\r\n<img decoding=\"async\" src=\"http:\/\/pfnphoto.com\/new\/wp-content\/gallery\/archives\/20150604_allgaeu-aerial_0590.jpg\" alt=\"Luftaufnahme einer Stra\u00dfe im Allg\u00e4u\" \/>\r\n\r\n<img decoding=\"async\" src=\"http:\/\/pfnphoto.com\/new\/wp-content\/uploads\/2015\/08\/20150604_allgaeu-aerial_0619.jpg\" alt=\"Allg\u00e4u Stra\u00dfe aerial\" \/>\r\n\r\n<img decoding=\"async\" src=\"http:\/\/pfnphoto.com\/new\/wp-content\/uploads\/2015\/08\/20150604_allgaeu-aerial_0705.jpg\" alt=\"Landschaft von oben\" \/>\r\n\r\n<img decoding=\"async\" src=\"http:\/\/pfnphoto.com\/new\/wp-content\/uploads\/2015\/08\/20150604_allgaeu-aerial_0778.jpg\" alt=\"Eine Kirche im Allg\u00e4u von oben\" \/>\r\n\r\n<img decoding=\"async\" src=\"http:\/\/pfnphoto.com\/new\/wp-content\/uploads\/2015\/08\/20150604_allgaeu-aerial_0814.jpg\" alt=\"Eisenbahn im Allg\u00e4u\" \/>\r\n\r\n<img decoding=\"async\" src=\"http:\/\/pfnphoto.com\/new\/wp-content\/uploads\/2015\/08\/20150604_allgaeu-aerial_0943.jpg\" alt=\"Der Ballon ist wieder gut gelandet\" \/>\r\n\r\n","protected":false},"excerpt":{"rendered":"<p>Balloon ride above Bavaria Landscape \/\/ June 2015 \/\/ Allg\u00e4u \u2013 Bavaria \u2013 Germany<\/p>\n","protected":false},"author":1,"featured_media":0,"parent":0,"menu_order":0,"comment_status":"closed","ping_status":"open","template":"","meta":{"footnotes":""},"class_list":["post-2619","page","type-page","status-publish","hentry"],"yoast_head":"<!-- This site is optimized with the Yoast SEO plugin v24.7 - https:\/\/yoast.com\/wordpress\/plugins\/seo\/ -->\n<title>Balloonride above Bavaria - pfnphoto.com \u2013 Johannes Heuckeroth \u2013 Architectural Photography \/ Architekturfotografie<\/title>\n<meta name=\"robots\" content=\"index, follow, max-snippet:-1, max-image-preview:large, max-video-preview:-1\" \/>\n<link rel=\"canonical\" href=\"https:\/\/pfnphoto.com\/new\/balloonride-above-bavaria\/\" \/>\n<meta property=\"og:locale\" content=\"de_DE\" \/>\n<meta property=\"og:type\" content=\"article\" \/>\n<meta property=\"og:title\" content=\"Balloonride above Bavaria - pfnphoto.com \u2013 Johannes Heuckeroth \u2013 Architectural Photography \/ Architekturfotografie\" \/>\n<meta property=\"og:description\" content=\"Balloon ride above Bavaria Landscape \/\/ June 2015 \/\/ Allg\u00e4u \u2013 Bavaria \u2013 Germany\" \/>\n<meta property=\"og:url\" content=\"https:\/\/pfnphoto.com\/new\/balloonride-above-bavaria\/\" \/>\n<meta property=\"og:site_name\" content=\"pfnphoto.com \u2013 Johannes Heuckeroth \u2013 Architectural Photography \/ Architekturfotografie\" \/>\n<meta property=\"article:publisher\" content=\"https:\/\/www.facebook.com\/pfnphoto\" \/>\n<meta property=\"og:image\" content=\"http:\/\/pfnphoto.com\/new\/wp-content\/gallery\/archives\/20150604_allgaeu-aerial_0435-pano.jpg\" \/>\n<meta name=\"twitter:card\" content=\"summary_large_image\" \/>\n<script type=\"application\/ld+json\" class=\"yoast-schema-graph\">{\"@context\":\"https:\/\/schema.org\",\"@graph\":[{\"@type\":\"WebPage\",\"@id\":\"https:\/\/pfnphoto.com\/new\/balloonride-above-bavaria\/\",\"url\":\"https:\/\/pfnphoto.com\/new\/balloonride-above-bavaria\/\",\"name\":\"Balloonride above Bavaria - pfnphoto.com \u2013 Johannes Heuckeroth \u2013 Architectural Photography \/ Architekturfotografie\",\"isPartOf\":{\"@id\":\"https:\/\/pfnphoto.com\/new\/#website\"},\"primaryImageOfPage\":{\"@id\":\"https:\/\/pfnphoto.com\/new\/balloonride-above-bavaria\/#primaryimage\"},\"image\":{\"@id\":\"https:\/\/pfnphoto.com\/new\/balloonride-above-bavaria\/#primaryimage\"},\"thumbnailUrl\":\"http:\/\/pfnphoto.com\/new\/wp-content\/gallery\/archives\/20150604_allgaeu-aerial_0435-pano.jpg\",\"datePublished\":\"2015-08-16T12:05:55+00:00\",\"breadcrumb\":{\"@id\":\"https:\/\/pfnphoto.com\/new\/balloonride-above-bavaria\/#breadcrumb\"},\"inLanguage\":\"de\",\"potentialAction\":[{\"@type\":\"ReadAction\",\"target\":[\"https:\/\/pfnphoto.com\/new\/balloonride-above-bavaria\/\"]}]},{\"@type\":\"ImageObject\",\"inLanguage\":\"de\",\"@id\":\"https:\/\/pfnphoto.com\/new\/balloonride-above-bavaria\/#primaryimage\",\"url\":\"http:\/\/pfnphoto.com\/new\/wp-content\/gallery\/archives\/20150604_allgaeu-aerial_0435-pano.jpg\",\"contentUrl\":\"http:\/\/pfnphoto.com\/new\/wp-content\/gallery\/archives\/20150604_allgaeu-aerial_0435-pano.jpg\"},{\"@type\":\"BreadcrumbList\",\"@id\":\"https:\/\/pfnphoto.com\/new\/balloonride-above-bavaria\/#breadcrumb\",\"itemListElement\":[{\"@type\":\"ListItem\",\"position\":1,\"name\":\"Startseite\",\"item\":\"https:\/\/pfnphoto.com\/new\/\"},{\"@type\":\"ListItem\",\"position\":2,\"name\":\"Balloonride above Bavaria\"}]},{\"@type\":\"WebSite\",\"@id\":\"https:\/\/pfnphoto.com\/new\/#website\",\"url\":\"https:\/\/pfnphoto.com\/new\/\",\"name\":\"pfnphoto.com \u2013 Johannes Heuckeroth \u2013 Architectural Photography \/ Architekturfotografie\",\"description\":\"Architectural &amp; Landscape Photography\",\"potentialAction\":[{\"@type\":\"SearchAction\",\"target\":{\"@type\":\"EntryPoint\",\"urlTemplate\":\"https:\/\/pfnphoto.com\/new\/?s={search_term_string}\"},\"query-input\":{\"@type\":\"PropertyValueSpecification\",\"valueRequired\":true,\"valueName\":\"search_term_string\"}}],\"inLanguage\":\"de\"}]}<\/script>\n<!-- \/ Yoast SEO plugin. -->","yoast_head_json":{"title":"Balloonride above Bavaria - pfnphoto.com \u2013 Johannes Heuckeroth \u2013 Architectural Photography \/ Architekturfotografie","robots":{"index":"index","follow":"follow","max-snippet":"max-snippet:-1","max-image-preview":"max-image-preview:large","max-video-preview":"max-video-preview:-1"},"canonical":"https:\/\/pfnphoto.com\/new\/balloonride-above-bavaria\/","og_locale":"de_DE","og_type":"article","og_title":"Balloonride above Bavaria - pfnphoto.com \u2013 Johannes Heuckeroth \u2013 Architectural Photography \/ Architekturfotografie","og_description":"Balloon ride above Bavaria Landscape \/\/ June 2015 \/\/ Allg\u00e4u \u2013 Bavaria \u2013 Germany","og_url":"https:\/\/pfnphoto.com\/new\/balloonride-above-bavaria\/","og_site_name":"pfnphoto.com \u2013 Johannes Heuckeroth \u2013 Architectural Photography \/ Architekturfotografie","article_publisher":"https:\/\/www.facebook.com\/pfnphoto","og_image":[{"url":"http:\/\/pfnphoto.com\/new\/wp-content\/gallery\/archives\/20150604_allgaeu-aerial_0435-pano.jpg","type":"","width":"","height":""}],"twitter_card":"summary_large_image","schema":{"@context":"https:\/\/schema.org","@graph":[{"@type":"WebPage","@id":"https:\/\/pfnphoto.com\/new\/balloonride-above-bavaria\/","url":"https:\/\/pfnphoto.com\/new\/balloonride-above-bavaria\/","name":"Balloonride above Bavaria - pfnphoto.com \u2013 Johannes Heuckeroth \u2013 Architectural Photography \/ Architekturfotografie","isPartOf":{"@id":"https:\/\/pfnphoto.com\/new\/#website"},"primaryImageOfPage":{"@id":"https:\/\/pfnphoto.com\/new\/balloonride-above-bavaria\/#primaryimage"},"image":{"@id":"https:\/\/pfnphoto.com\/new\/balloonride-above-bavaria\/#primaryimage"},"thumbnailUrl":"http:\/\/pfnphoto.com\/new\/wp-content\/gallery\/archives\/20150604_allgaeu-aerial_0435-pano.jpg","datePublished":"2015-08-16T12:05:55+00:00","breadcrumb":{"@id":"https:\/\/pfnphoto.com\/new\/balloonride-above-bavaria\/#breadcrumb"},"inLanguage":"de","potentialAction":[{"@type":"ReadAction","target":["https:\/\/pfnphoto.com\/new\/balloonride-above-bavaria\/"]}]},{"@type":"ImageObject","inLanguage":"de","@id":"https:\/\/pfnphoto.com\/new\/balloonride-above-bavaria\/#primaryimage","url":"http:\/\/pfnphoto.com\/new\/wp-content\/gallery\/archives\/20150604_allgaeu-aerial_0435-pano.jpg","contentUrl":"http:\/\/pfnphoto.com\/new\/wp-content\/gallery\/archives\/20150604_allgaeu-aerial_0435-pano.jpg"},{"@type":"BreadcrumbList","@id":"https:\/\/pfnphoto.com\/new\/balloonride-above-bavaria\/#breadcrumb","itemListElement":[{"@type":"ListItem","position":1,"name":"Startseite","item":"https:\/\/pfnphoto.com\/new\/"},{"@type":"ListItem","position":2,"name":"Balloonride above Bavaria"}]},{"@type":"WebSite","@id":"https:\/\/pfnphoto.com\/new\/#website","url":"https:\/\/pfnphoto.com\/new\/","name":"pfnphoto.com \u2013 Johannes Heuckeroth \u2013 Architectural Photography \/ Architekturfotografie","description":"Architectural &amp; Landscape Photography","potentialAction":[{"@type":"SearchAction","target":{"@type":"EntryPoint","urlTemplate":"https:\/\/pfnphoto.com\/new\/?s={search_term_string}"},"query-input":{"@type":"PropertyValueSpecification","valueRequired":true,"valueName":"search_term_string"}}],"inLanguage":"de"}]}},"_links":{"self":[{"href":"https:\/\/pfnphoto.com\/new\/wp-json\/wp\/v2\/pages\/2619","targetHints":{"allow":["GET"]}}],"collection":[{"href":"https:\/\/pfnphoto.com\/new\/wp-json\/wp\/v2\/pages"}],"about":[{"href":"https:\/\/pfnphoto.com\/new\/wp-json\/wp\/v2\/types\/page"}],"author":[{"embeddable":true,"href":"https:\/\/pfnphoto.com\/new\/wp-json\/wp\/v2\/users\/1"}],"replies":[{"embeddable":true,"href":"https:\/\/pfnphoto.com\/new\/wp-json\/wp\/v2\/comments?post=2619"}],"version-history":[{"count":4,"href":"https:\/\/pfnphoto.com\/new\/wp-json\/wp\/v2\/pages\/2619\/revisions"}],"predecessor-version":[{"id":2640,"href":"https:\/\/pfnphoto.com\/new\/wp-json\/wp\/v2\/pages\/2619\/revisions\/2640"}],"wp:attachment":[{"href":"https:\/\/pfnphoto.com\/new\/wp-json\/wp\/v2\/media?parent=2619"}],"curies":[{"name":"wp","href":"https:\/\/api.w.org\/{rel}","templated":true}]}}